{"id":7635,"date":"2026-04-16T10:15:08","date_gmt":"2026-04-16T08:15:08","guid":{"rendered":"https:\/\/www.consultingc3.com\/lp\/?page_id=7635"},"modified":"2026-04-16T11:42:05","modified_gmt":"2026-04-16T09:42:05","slug":"aviso-legal","status":"publish","type":"page","link":"https:\/\/www.consultingc3.com\/lp\/aviso-legal\/","title":{"rendered":"Aviso Legal"},"content":{"rendered":"\t\t<div data-elementor-type=\"wp-page\" data-elementor-id=\"7635\" class=\"elementor elementor-7635\" data-elementor-post-type=\"page\">\n\t\t\t\t\t\t<section class=\"elementor-section elementor-top-section elementor-element elementor-element-e71efb0 elementor-section-boxed elementor-section-height-default elementor-section-height-default\" data-id=\"e71efb0\" data-element_type=\"section\" data-e-type=\"section\">\n\t\t\t\t\t\t<div class=\"elementor-container elementor-column-gap-default\">\n\t\t\t\t\t<div class=\"elementor-column elementor-col-100 elementor-top-column elementor-element elementor-element-a5b8cc8\" data-id=\"a5b8cc8\" data-element_type=\"column\" data-e-type=\"column\">\n\t\t\t<div class=\"elementor-widget-wrap elementor-element-populated\">\n\t\t\t\t\t\t<div class=\"elementor-element elementor-element-c8cf245 elementor-widget elementor-widget-theme-site-logo elementor-widget-image\" data-id=\"c8cf245\" data-element_type=\"widget\" data-e-type=\"widget\" data-widget_type=\"theme-site-logo.default\">\n\t\t\t\t<div class=\"elementor-widget-container\">\n\t\t\t\t\t\t\t\t\t\t\t<img decoding=\"async\" width=\"294\" height=\"80\" src=\"https:\/\/www.consultingc3.com\/lp\/wp-content\/uploads\/cropped-consulting-c3-logo-landing.png\" class=\"attachment-full size-full wp-image-1580\" alt=\"Logo Consulting C3\" \/>\t\t\t\t\t\t\t\t\t\t\t\t<\/div>\n\t\t\t\t<\/div>\n\t\t\t\t<div class=\"elementor-element elementor-element-86dcac4 elementor-widget-divider--view-line elementor-widget elementor-widget-divider\" data-id=\"86dcac4\" data-element_type=\"widget\" data-e-type=\"widget\" data-widget_type=\"divider.default\">\n\t\t\t\t<div class=\"elementor-widget-container\">\n\t\t\t\t\t\t\t<div class=\"elementor-divider\">\n\t\t\t<span class=\"elementor-divider-separator\">\n\t\t\t\t\t\t<\/span>\n\t\t<\/div>\n\t\t\t\t\t\t<\/div>\n\t\t\t\t<\/div>\n\t\t\t\t<div class=\"elementor-element elementor-element-f19b797 elementor-widget elementor-widget-heading\" data-id=\"f19b797\" data-element_type=\"widget\" data-e-type=\"widget\" data-widget_type=\"heading.default\">\n\t\t\t\t<div class=\"elementor-widget-container\">\n\t\t\t\t\t<h1 class=\"elementor-heading-title elementor-size-default\">Aviso Legal<\/h1>\t\t\t\t<\/div>\n\t\t\t\t<\/div>\n\t\t\t\t<div class=\"elementor-element elementor-element-4269687 elementor-widget elementor-widget-heading\" data-id=\"4269687\" data-element_type=\"widget\" data-e-type=\"widget\" data-widget_type=\"heading.default\">\n\t\t\t\t<div class=\"elementor-widget-container\">\n\t\t\t\t\t<h2 class=\"elementor-heading-title elementor-size-default\">DATOS IDENTIFICATIVOS DEL PRESTADOR DE SERVICIOS DE LA SOCIEDAD DE LA\nINFORMACI\u00d3N<\/h2>\t\t\t\t<\/div>\n\t\t\t\t<\/div>\n\t\t\t\t<div class=\"elementor-element elementor-element-94a7633 elementor-widget elementor-widget-text-editor\" data-id=\"94a7633\" data-element_type=\"widget\" data-e-type=\"widget\" data-widget_type=\"text-editor.default\">\n\t\t\t\t<div class=\"elementor-widget-container\">\n\t\t\t\t\t\t\t\t\t<p>De conformidad con el art\u00edculo 10 de la Ley 34\/2002, de Servicios de la Sociedad de la Informaci\u00f3n y Comercio Electr\u00f3nico, se pone en su conocimiento que el titular del sitio web es:<\/p><p>CALL CENTER CONSULTING, S.L.<br \/>Calle Comte d\u2019Urgell 240-250, 2\u00ba A<br \/>08036 \u2013 Barcelona &#8211; Espa\u00f1a<br \/>CIF B-63340038<\/p><p>Inscrita en el Registro Mercantil de Barcelona en el tomo 21693, folio 99, hoja n\u00ba B-25636, inscripci\u00f3n 1<\/p><p>Tel: 900 533 846<br \/>E-mail: marketing@consultingc3.com<\/p><p><strong>1. Introducci\u00f3n<\/strong><br \/>El presente Aviso Legal regula el uso de la p\u00e1gina web https:\/\/www.consultingc3.com (en adelante, la p\u00e1gina web) titularidad de CALL CENTER CONSULTING, S.L., con CIF B-63340038 y domicilio social en Calle Comte d\u2019Urgell 240-250, 2\u00ba A \u2013 08036 \u2013 Barcelona \u2013 Espa\u00f1a<\/p><p>El acceso a la p\u00e1gina web es gratuito salvo en lo relativo al coste de la conexi\u00f3n a trav\u00e9s de la red de telecomunicaciones suministrada por el proveedor de acceso contratado por los usuarios.<\/p><p><strong>2. Aceptaci\u00f3n<\/strong><br \/>La utilizaci\u00f3n de la p\u00e1gina web atribuye la condici\u00f3n de usuario e implica la aceptaci\u00f3n de todas las condiciones y t\u00e9rminos de uso incluidos en el presente Aviso Legal.<\/p><p>Se recomienda a los Usuarios leer atentamente este Aviso Legal de forma peri\u00f3dica, ya que las condiciones de uso de la misma, recogidas en el mencionado Aviso, pueden sufrir modificaciones.<\/p><p>CALL CENTER CONSULTING, S.L., se reserva la facultad de modificar unilateralmente las condiciones y t\u00e9rminos de uso de esta p\u00e1gina. Si usted contin\u00faa haciendo uso de los servicios prestados en la p\u00e1gina web, se entender\u00e1 que acepta las modificaciones realizadas en las mismas.<\/p><p><strong>3. Navegaci\u00f3n, acceso y seguridad<\/strong><br \/>El acceso y navegaci\u00f3n en este web site supone aceptar y conocer las advertencias legales, condiciones y t\u00e9rminos de uso contenidas en ella. CALL CENTER CONSULTING, S.L., realiza los m\u00e1ximos esfuerzos para que la navegaci\u00f3n se realice en las mejores condiciones y evitar los perjuicios de cualquier tipo que pudieran ocasionarse durante la misma.<\/p><p>El Titular no se hace responsable de los perjuicios, de cualquier \u00edndole, que pudieran ocasionarse a los Usuarios por la utilizaci\u00f3n de otros navegadores o versiones distintas de los navegadores para los que ha sido dise\u00f1ado el web site.<\/p><p><strong>4. Obligaciones del usuario<\/strong><br \/><strong>4.1 Obligaci\u00f3n de hacer un uso correcto de la p\u00e1gina web<\/strong><br \/>Las condiciones de acceso y uso de esta p\u00e1gina web est\u00e1n supeditadas a la legalidad vigente y a los principios de buena fe y uso l\u00edcito por parte del usuario de la misma quedando prohibido, con car\u00e1cter general, cualquier tipo de actuaci\u00f3n en perjuicio de CALL CENTER CONSULTING, S.L., y contraria al presente Aviso Legal.<\/p><p>El usuario se compromete a utilizar este servicio sin incurrir en actividades que puedan ser consideradas il\u00edcitas o ilegales, que infrinjan los derechos de CALL CENTER CONSULTING, S.L., o de terceros, o que puedan da\u00f1ar, inutilizar, sobrecargar o deteriorar la p\u00e1gina web o impedir la normal utilizaci\u00f3n de la misma por parte de otros usuarios.<\/p><p><strong>4.2 Prohibiciones<\/strong><br \/>Queda prohibido el uso de esta web con fines ilegales o no autorizados, en concreto y sin car\u00e1cter taxativo:<\/p><ol><li>Cualquier forma de violaci\u00f3n de los derechos de terceros (derecho a la intimidad, derecho a la propia imagen, derechos de propiedad intelectual e industrial, etc.).<\/li><li>Realizar, usando los contenidos de esta web, cualquier tipo de publicidad como env\u00edo de correos electr\u00f3nicos no solicitados (spam) o comunicaci\u00f3n similar.<\/li><li>Introducir virus inform\u00e1ticos, archivos defectuosos o cualquier otro software o programa inform\u00e1tico que pueda provocar da\u00f1os o alteraciones no autorizadas de los contenidos o sistemas accesibles a trav\u00e9s de esta p\u00e1gina web.<\/li><\/ol><p><strong><br \/>5. Actualidad<\/strong><br \/>La informaci\u00f3n que aparece en este web site es la vigente en la fecha de su \u00faltima actualizaci\u00f3n. El Titularse reserva el derecho a actualizar, modificar o eliminar la informaci\u00f3n de este web site.<\/p><p>CALL CENTER CONSULTING, S.L., se reserva el derecho de modificar sin previo aviso la estructura de su Web, tanto en la forma como en los contenidos, incluso dar de baja su edici\u00f3n sin necesidad de notificar con antelaci\u00f3n esta circunstancia a los usuarios.<\/p><p><strong>6. Propiedad intelectual<\/strong><br \/>Toda la informaci\u00f3n contenida en esta p\u00e1gina web, as\u00ed como su dise\u00f1o gr\u00e1fico y los c\u00f3digos utilizados, est\u00e1n protegidos por derechos de autor u otros derechos de protecci\u00f3n recogidos en el Real Decreto Legislativo 1\/1996, de 12 de abril, por el que se aprueba el Texto Refundido de la Ley de Propiedad Intelectual.<\/p><p>Estos derechos pertenecen exclusivamente a CALL CENTER CONSULTING, S.L., o a sus licenciantes, por lo tanto, queda expresamente excluido cualquier acto de reproducci\u00f3n, distribuci\u00f3n, transformaci\u00f3n o comunicaci\u00f3n p\u00fablica, as\u00ed como cualquier tipo de cesi\u00f3n, del todo o parte del contenido de este sitio, y en general de cualquier objeto que seg\u00fan la legislaci\u00f3n vigente sea protegible por las normas de propiedad intelectual.<\/p><p>Todo el contenido del web y todo el contenido disponible a trav\u00e9s de los productos y servicios del Titular incluyendo dise\u00f1os, texto, gr\u00e1ficos, im\u00e1genes, v\u00eddeo, informaci\u00f3n, aplicaciones, software, m\u00fasica, sonido y otros archivos, as\u00ed como su selecci\u00f3n y disposici\u00f3n (el \u201cContenido\u201d) son propiedad exclusiva del Titular o de sus licenciantes, con todos los derechos reservados.<\/p><p>Ninguna parte del Contenido del web podr\u00e1 ser modificada, copiada, distribuida, enmarcada, reproducida, republicada, descargada, extra\u00edda, mostrada, publicada, transmitida o vendida en modo alguno o por ning\u00fan medio, total o parcialmente, sin el previo consentimiento por escrito del Titular.<\/p><p>No se podr\u00e1 cargar o republicar Contenido del web en ning\u00fan sitio de Internet, Intranet o Extranet ni integrar la informaci\u00f3n en bases de datos o compilaci\u00f3n.<br \/>Cualquier otro uso del Contenido del web queda estrictamente prohibido.<\/p><p>El contenido de esta p\u00e1gina no debe ser utilizado para difusi\u00f3n p\u00fablica o con fines comerciales, y no debe ser modificado sin el previo consentimiento escrito del Titular.<\/p><p><strong>7. Marcasregistradas<\/strong><br \/>Todas las marcas, logotipos y anagramas mostrados en este sitio son propiedad de CALL CENTER CONSULTING, S.L., o de terceras empresas. Queda expresamente prohibida la utilizaci\u00f3n, sin previo consentimiento, de cualquier elemento de esta p\u00e1gina web que sea objeto de protecci\u00f3n de acuerdo con la legislaci\u00f3n vigente relativa a propiedad industrial.<\/p><p>Especialmente, no podr\u00e1n utilizarse marcas, nombres comerciales, denominaciones, logotipos, esl\u00f3ganes o cualquier tipo de signo distintivo perteneciente al Titular.<\/p><p><strong>8. Pol\u00edtica de Privacidad<\/strong><br \/>Si quiere conocer nuestra pol\u00edtica de privacidad o de protecci\u00f3n de datos lea atentamente nuestra <a href=\"https:\/\/www.consultingc3.com\/lp\/politica-privacidad\/\">Pol\u00edtica de Protecci\u00f3n de Datos<\/a>.<\/p><p><strong>9. Pol\u00edtica de Cookies<\/strong><br \/>Si quiere conocer nuestra pol\u00edtica de Cookies lea atentamente nuestra <a href=\"https:\/\/www.consultingc3.com\/lp\/politica-cookies\/\">Pol\u00edtica de Cookies<\/a>.<\/p><p><strong>10. Hiperenlaces<\/strong><br \/>El usuario que quiera introducir enlaces desde sus propias p\u00e1ginas web a la de CALL CENTER CONSULTING, S.L., deber\u00e1 cumplir con las condiciones que se detallan a continuaci\u00f3n sin que el desconocimiento de las mismas evite las responsabilidades derivadas de la Ley:<\/p><ol><li>El enlace \u00fanicamente vincular\u00e1 con la home page o p\u00e1gina principal pero no podr\u00e1 reproducirla de ninguna forma (in-line links, copia de los textos, gr\u00e1ficos, etc.).<\/li><li>Quedar\u00e1 en todo caso prohibido, de acuerdo con la legislaci\u00f3n aplicable y vigente en cada momento, establecer frames o marcos de cualquier tipo que envuelvan a esta p\u00e1gina o permitan la visualizaci\u00f3n de los contenidos a trav\u00e9s de direcciones de Internet distintas a las de la misma y, en cualquier caso, cuando se visualicen conjuntamente con contenidos ajenos a ella de forma que: (I) produzca, o pueda producir, error, confusi\u00f3n o enga\u00f1o en los usuarios sobre la verdadera procedencia del servicio o contenidos; (II) suponga un acto de comparaci\u00f3n o imitaci\u00f3n desleal; (III) sirva para aprovechar la reputaci\u00f3n de la marca y prestigio de CALL CENTER CONSULTING, S.L. o (IV) de cualquier otra forma resulte prohibido por la legislaci\u00f3n vigente.<\/li><li>No se realizar\u00e1n desde la p\u00e1gina que introduce el enlace ning\u00fan tipo de manifestaci\u00f3n falsa, inexacta o incorrecta sobre CALL CENTER CONSULTING, S.L., sus empleados o sobre las actividades que desarrolla.<\/li><li>En ning\u00fan caso, se expresar\u00e1 en la p\u00e1gina donde se ubique el enlace que CALL CENTER CONSULTING, S.L., ha prestado su consentimiento para la inserci\u00f3n del mismo o que, de otra forma, patrocina, colabora, verifica o supervisa los servicios del remitente.<\/li><li>Est\u00e1 prohibida la utilizaci\u00f3n de cualquier marca denominativa, gr\u00e1fica o mixta o cualquier otro distintivo de CALL CENTER CONSULTING, S.L., dentro de la p\u00e1gina del remitente salvo en los casos permitidos por la Ley o expresamente autorizados por CALL CENTER CONSULTING, S.L., y siempre que se permita, en estos casos, un enlace directo con la p\u00e1gina web de CALL CENTER CONSULTING, S.L., en la forma establecida en esta cl\u00e1usula.<\/li><li>La p\u00e1gina que establezca el enlace deber\u00e1 cumplir fielmente con la Ley y no podr\u00e1 en ning\u00fan caso disponer o enlazar con contenidos propios o de terceros que: (i) sean il\u00edcitos, nocivos o contrarios a la moral y a las buenas costumbres (pornogr\u00e1ficos, violentos, racistas, etc.); (ii) induzcan o puedan inducir en el Usuario la falsa concepci\u00f3n de que CALL CENTER CONSULTING, S.L., suscribe, respalda, se adhiere o de cualquier manera apoya, las ideas, manifestaciones o expresiones, l\u00edcitas o il\u00edcitas, del remitente; (iii) resulten inapropiados o no pertinentes con la actividad de CALL CENTER CONSULTING, S.L., en atenci\u00f3n al lugar, contenidos y tem\u00e1tica de la p\u00e1gina web del remitente.<\/li><\/ol><p><br \/>En cualquier caso, CALL CENTER CONSULTING, S.L., se reserva el derecho a prohibir los enlaces a su p\u00e1gina web y a exigir su retirada cuando \u00e9stos no cumplan las condiciones exigidas en este apartado.<\/p><p><strong>11. Responsabilidad<\/strong><br \/>El usuario ser\u00e1 el \u00fanico responsable de las infracciones en que pueda incurrir o de los perjuicios que se puedan causar a terceros por la indebida o ileg\u00edtima utilizaci\u00f3n de la p\u00e1gina web.<\/p><p>CALL CENTER CONSULTING, S.L., no ser\u00e1 responsable de los posibles da\u00f1os o perjuicios que se pudieran derivar de interferencias, omisiones, interrupciones, virus inform\u00e1ticos, aver\u00edas telef\u00f3nicas o desconexiones en el funcionamiento operativo de los sistemas electr\u00f3nicos o inform\u00e1ticos, motivadas por causas ajenas a la empresa, de los retrasos o bloqueos en el uso de dichos sistemas causados por deficiencias o sobrecargas de l\u00edneas telef\u00f3nicas, sobrecargas<br \/>en el sistema de Internet o en otros sistemas electr\u00f3nicos.<\/p><p>Asimismo, CALL CENTER CONSULTING, S.L., no se responsabiliza de posibles da\u00f1os que pudiera causar al usuario un uso incorrecto, err\u00f3neo, inadecuado o indebido de los servicios y contenidos de esta Web por parte de \u00e9ste.<\/p><p>CALL CENTER CONSULTING, S.L., no garantiza la veracidad ni se responsabiliza de las<br \/>consecuencias que pudieran derivarse de los errores en los contenidos proporcionados por terceros que pudieran aparecer en esta p\u00e1gina web.<\/p><p>Del mismo modo, CALL CENTER CONSULTING, S.L., tampoco se responsabiliza de los contenidos, productos o servicios que puedan visualizarse mediante enlaces electr\u00f3nicos (links), directa o indirectamente, a trav\u00e9s de la p\u00e1gina web, salvo en aquellos supuestos previstos en el art\u00edculo 17 de la Ley 34\/2002, de 12 de julio, de Servicios de la Sociedad de la Informaci\u00f3n y Comercio Electr\u00f3nico (LSSI). En caso de que un usuario considere que existe un<br \/>sitio enlazado con contenidos il\u00edcitos o inadecuados deber\u00e1 ponerlos en conocimiento de CALL CENTER CONSULTING, S.L..<\/p><p>Los enlaces no representan necesariamente la existencia de relaci\u00f3n entre CALL CENTER CONSULTING, S.L., y los particulares y entidades titulares de las p\u00e1ginas a las que dan acceso ni la recomendaci\u00f3n, promoci\u00f3n o identificaci\u00f3n de CALL CENTER CONSULTING, S.L., con las manifestaciones, contenidos o servicios facilitados a trav\u00e9s de ellas. CALL CENTER CONSULTING, S.L., se reserva el derecho a retirar de modo unilateral y en cualquier momento los links que aparecen en su p\u00e1gina web.<\/p><p>CALL CENTER CONSULTING, S.L., no conoce los contenidos y servicios de los sitios enlazados y, por tanto, no se hace responsable por los da\u00f1os producidos por la ilicitud, calidad, desactualizaci\u00f3n, indisponibilidad, error e inutilidad de los mismos ni por cualquier otro da\u00f1o<br \/>que no sea directamente imputable a ella.<\/p><p>CALL CENTER CONSULTING, S.L., se exime de responsabilidad en cuanto a las \u201ccookies\u201d que terceros ajenos pudieran instalar en el disco duro del ordenador del usuario.<\/p><p><strong>12. Comunicaciones<\/strong><br \/>Para cualquier comunicaci\u00f3n que fuera preciso efectuar deber\u00e1n de enviar un correo<br \/>electr\u00f3nico a marketingc3@consultingc3.com o enviar una comunicaci\u00f3n escrita a CALL CENTER CONSULTING, S.L., C\/ Comte d\u2019Urgell 240-250. 2\u00ba A \u2013 08036 \u2013 Barcelona &#8211; Espa\u00f1a.<\/p><p><strong>13. Jurisdicci\u00f3n y legislaci\u00f3n aplicable<\/strong><br \/>Los t\u00e9rminos y condiciones que rigen este web site y todas las relaciones que pudieran derivarse se encuentran salvaguardados por la legislaci\u00f3n espa\u00f1ola.<br \/>Cualquier controversia que pudiera derivarse del acceso o la utilizaci\u00f3n de este web site ser\u00e1 de competencia de los tribunales de Barcelona.<\/p>\t\t\t\t\t\t\t\t<\/div>\n\t\t\t\t<\/div>\n\t\t\t\t\t<\/div>\n\t\t<\/div>\n\t\t\t\t\t<\/div>\n\t\t<\/section>\n\t\t\t\t<section class=\"elementor-section elementor-top-section elementor-element elementor-element-fa1e3d1 elementor-section-boxed elementor-section-height-default elementor-section-height-default\" data-id=\"fa1e3d1\" data-element_type=\"section\" data-e-type=\"section\" data-settings=\"{&quot;background_background&quot;:&quot;gradient&quot;}\">\n\t\t\t\t\t\t<div class=\"elementor-container elementor-column-gap-default\">\n\t\t\t\t\t<div class=\"elementor-column elementor-col-100 elementor-top-column elementor-element elementor-element-173dad4\" data-id=\"173dad4\" data-element_type=\"column\" data-e-type=\"column\">\n\t\t\t<div class=\"elementor-widget-wrap elementor-element-populated\">\n\t\t\t\t\t\t<div class=\"elementor-element elementor-element-a78df4f elementor-widget elementor-widget-text-editor\" data-id=\"a78df4f\" data-element_type=\"widget\" data-e-type=\"widget\" data-widget_type=\"text-editor.default\">\n\t\t\t\t<div class=\"elementor-widget-container\">\n\t\t\t\t\t\t\t\t\t<p><strong>Consulting C3<\/strong> | Consultor\u00eda Estrat\u00e9gica de Negocio | Copyright \u00a9 2026 | Todos los derechos reservados.<\/p>\t\t\t\t\t\t\t\t<\/div>\n\t\t\t\t<\/div>\n\t\t\t\t\t<\/div>\n\t\t<\/div>\n\t\t\t\t\t<\/div>\n\t\t<\/section>\n\t\t\t\t<section class=\"elementor-section elementor-top-section elementor-element elementor-element-2e96adb elementor-section-boxed elementor-section-height-default elementor-section-height-default\" data-id=\"2e96adb\" data-element_type=\"section\" data-e-type=\"section\" data-settings=\"{&quot;background_background&quot;:&quot;classic&quot;}\">\n\t\t\t\t\t\t<div class=\"elementor-container elementor-column-gap-default\">\n\t\t\t\t\t<div class=\"elementor-column elementor-col-100 elementor-top-column elementor-element elementor-element-4909342\" data-id=\"4909342\" data-element_type=\"column\" data-e-type=\"column\">\n\t\t\t<div class=\"elementor-widget-wrap elementor-element-populated\">\n\t\t\t\t\t\t<div class=\"elementor-element elementor-element-62253a5 elementor-nav-menu__align-center elementor-nav-menu--dropdown-tablet elementor-nav-menu__text-align-aside elementor-nav-menu--toggle elementor-nav-menu--burger elementor-widget elementor-widget-nav-menu\" data-id=\"62253a5\" data-element_type=\"widget\" data-e-type=\"widget\" data-settings=\"{&quot;layout&quot;:&quot;horizontal&quot;,&quot;submenu_icon&quot;:{&quot;value&quot;:&quot;&lt;i class=\\&quot;fas fa-caret-down\\&quot; aria-hidden=\\&quot;true\\&quot;&gt;&lt;\\\/i&gt;&quot;,&quot;library&quot;:&quot;fa-solid&quot;},&quot;toggle&quot;:&quot;burger&quot;}\" data-widget_type=\"nav-menu.default\">\n\t\t\t\t<div class=\"elementor-widget-container\">\n\t\t\t\t\t\t\t\t<nav aria-label=\"Men\u00fa\" class=\"elementor-nav-menu--main elementor-nav-menu__container elementor-nav-menu--layout-horizontal e--pointer-none\">\n\t\t\t\t<ul id=\"menu-1-62253a5\" class=\"elementor-nav-menu\"><li class=\"menu-item menu-item-type-post_type menu-item-object-page menu-item-7681\"><a target=\"_blank\" href=\"https:\/\/www.consultingc3.com\/lp\/aviso-legal\/\" class=\"elementor-item\">Aviso Legal<\/a><\/li>\n<li class=\"menu-item menu-item-type-post_type menu-item-object-page menu-item-privacy-policy menu-item-7680\"><a target=\"_blank\" rel=\"privacy-policy\" href=\"https:\/\/www.consultingc3.com\/lp\/politica-privacidad\/\" class=\"elementor-item\">Pol\u00edtica Privacidad<\/a><\/li>\n<li class=\"menu-item menu-item-type-post_type menu-item-object-page menu-item-7679\"><a target=\"_blank\" href=\"https:\/\/www.consultingc3.com\/lp\/politica-cookies\/\" class=\"elementor-item\">Pol\u00edtica Cookies<\/a><\/li>\n<li class=\"menu-item menu-item-type-custom menu-item-object-custom menu-item-7682\"><a target=\"_blank\" href=\"https:\/\/www.consultingc3.com\/Documents\/C3_Certificado_sostenibilidad_ES.pdf\" class=\"elementor-item\">Certificado Sostenibilidad<\/a><\/li>\n<\/ul>\t\t\t<\/nav>\n\t\t\t\t\t<div class=\"elementor-menu-toggle\" role=\"button\" tabindex=\"0\" aria-label=\"Alternar men\u00fa\" aria-expanded=\"false\">\n\t\t\t<i aria-hidden=\"true\" role=\"presentation\" class=\"elementor-menu-toggle__icon--open eicon-menu-bar\"><\/i><i aria-hidden=\"true\" role=\"presentation\" class=\"elementor-menu-toggle__icon--close eicon-close\"><\/i>\t\t<\/div>\n\t\t\t\t\t<nav class=\"elementor-nav-menu--dropdown elementor-nav-menu__container\" aria-hidden=\"true\">\n\t\t\t\t<ul id=\"menu-2-62253a5\" class=\"elementor-nav-menu\"><li class=\"menu-item menu-item-type-post_type menu-item-object-page menu-item-7681\"><a target=\"_blank\" href=\"https:\/\/www.consultingc3.com\/lp\/aviso-legal\/\" class=\"elementor-item\" tabindex=\"-1\">Aviso Legal<\/a><\/li>\n<li class=\"menu-item menu-item-type-post_type menu-item-object-page menu-item-privacy-policy menu-item-7680\"><a target=\"_blank\" rel=\"privacy-policy\" href=\"https:\/\/www.consultingc3.com\/lp\/politica-privacidad\/\" class=\"elementor-item\" tabindex=\"-1\">Pol\u00edtica Privacidad<\/a><\/li>\n<li class=\"menu-item menu-item-type-post_type menu-item-object-page menu-item-7679\"><a target=\"_blank\" href=\"https:\/\/www.consultingc3.com\/lp\/politica-cookies\/\" class=\"elementor-item\" tabindex=\"-1\">Pol\u00edtica Cookies<\/a><\/li>\n<li class=\"menu-item menu-item-type-custom menu-item-object-custom menu-item-7682\"><a target=\"_blank\" href=\"https:\/\/www.consultingc3.com\/Documents\/C3_Certificado_sostenibilidad_ES.pdf\" class=\"elementor-item\" tabindex=\"-1\">Certificado Sostenibilidad<\/a><\/li>\n<\/ul>\t\t\t<\/nav>\n\t\t\t\t\t\t<\/div>\n\t\t\t\t<\/div>\n\t\t\t\t\t<\/div>\n\t\t<\/div>\n\t\t\t\t\t<\/div>\n\t\t<\/section>\n\t\t\t\t<\/div>\n\t\t","protected":false},"excerpt":{"rendered":"<p>Aviso Legal DATOS IDENTIFICATIVOS DEL PRESTADOR DE SERVICIOS DE LA SOCIEDAD DE LA INFORMACI\u00d3N De conformidad con el art\u00edculo 10 de la Ley 34\/2002, de Servicios de la Sociedad de la Informaci\u00f3n y Comercio Electr\u00f3nico, se pone en su conocimiento que el titular del sitio web es: CALL CENTER CONSULTING, S.L.Calle Comte d\u2019Urgell 240-250, 2\u00ba [&hellip;]<\/p>\n","protected":false},"author":2,"featured_media":0,"parent":0,"menu_order":0,"comment_status":"closed","ping_status":"closed","template":"elementor_canvas","meta":{"footnotes":""},"class_list":["post-7635","page","type-page","status-publish","hentry"],"_links":{"self":[{"href":"https:\/\/www.consultingc3.com\/lp\/wp-json\/wp\/v2\/pages\/7635","targetHints":{"allow":["GET"]}}],"collection":[{"href":"https:\/\/www.consultingc3.com\/lp\/wp-json\/wp\/v2\/pages"}],"about":[{"href":"https:\/\/www.consultingc3.com\/lp\/wp-json\/wp\/v2\/types\/page"}],"author":[{"embeddable":true,"href":"https:\/\/www.consultingc3.com\/lp\/wp-json\/wp\/v2\/users\/2"}],"replies":[{"embeddable":true,"href":"https:\/\/www.consultingc3.com\/lp\/wp-json\/wp\/v2\/comments?post=7635"}],"version-history":[{"count":28,"href":"https:\/\/www.consultingc3.com\/lp\/wp-json\/wp\/v2\/pages\/7635\/revisions"}],"predecessor-version":[{"id":7688,"href":"https:\/\/www.consultingc3.com\/lp\/wp-json\/wp\/v2\/pages\/7635\/revisions\/7688"}],"wp:attachment":[{"href":"https:\/\/www.consultingc3.com\/lp\/wp-json\/wp\/v2\/media?parent=7635"}],"curies":[{"name":"wp","href":"https:\/\/api.w.org\/{rel}","templated":true}]}}