{"id":7656,"date":"2026-04-16T10:57:12","date_gmt":"2026-04-16T08:57:12","guid":{"rendered":"https:\/\/www.consultingc3.com\/lp\/?page_id=7656"},"modified":"2026-04-16T11:42:16","modified_gmt":"2026-04-16T09:42:16","slug":"politica-privacidad","status":"publish","type":"page","link":"https:\/\/www.consultingc3.com\/lp\/politica-privacidad\/","title":{"rendered":"Pol\u00edtica Privacidad"},"content":{"rendered":"\t\t<div data-elementor-type=\"wp-page\" data-elementor-id=\"7656\" class=\"elementor elementor-7656\" data-elementor-post-type=\"page\">\n\t\t\t\t\t\t<section class=\"elementor-section elementor-top-section elementor-element elementor-element-d9c1508 elementor-section-boxed elementor-section-height-default elementor-section-height-default\" data-id=\"d9c1508\" data-element_type=\"section\" data-e-type=\"section\">\n\t\t\t\t\t\t<div class=\"elementor-container elementor-column-gap-default\">\n\t\t\t\t\t<div class=\"elementor-column elementor-col-100 elementor-top-column elementor-element elementor-element-89ba4f7\" data-id=\"89ba4f7\" data-element_type=\"column\" data-e-type=\"column\">\n\t\t\t<div class=\"elementor-widget-wrap elementor-element-populated\">\n\t\t\t\t\t\t<div class=\"elementor-element elementor-element-7c5fc62 elementor-widget elementor-widget-theme-site-logo elementor-widget-image\" data-id=\"7c5fc62\" data-element_type=\"widget\" data-e-type=\"widget\" data-widget_type=\"theme-site-logo.default\">\n\t\t\t\t<div class=\"elementor-widget-container\">\n\t\t\t\t\t\t\t\t\t\t\t<img decoding=\"async\" width=\"294\" height=\"80\" src=\"https:\/\/www.consultingc3.com\/lp\/wp-content\/uploads\/cropped-consulting-c3-logo-landing.png\" class=\"attachment-full size-full wp-image-1580\" alt=\"Logo Consulting C3\" \/>\t\t\t\t\t\t\t\t\t\t\t\t<\/div>\n\t\t\t\t<\/div>\n\t\t\t\t<div class=\"elementor-element elementor-element-b928c67 elementor-widget-divider--view-line elementor-widget elementor-widget-divider\" data-id=\"b928c67\" data-element_type=\"widget\" data-e-type=\"widget\" data-widget_type=\"divider.default\">\n\t\t\t\t<div class=\"elementor-widget-container\">\n\t\t\t\t\t\t\t<div class=\"elementor-divider\">\n\t\t\t<span class=\"elementor-divider-separator\">\n\t\t\t\t\t\t<\/span>\n\t\t<\/div>\n\t\t\t\t\t\t<\/div>\n\t\t\t\t<\/div>\n\t\t\t\t<div class=\"elementor-element elementor-element-64479ca elementor-widget elementor-widget-heading\" data-id=\"64479ca\" data-element_type=\"widget\" data-e-type=\"widget\" data-widget_type=\"heading.default\">\n\t\t\t\t<div class=\"elementor-widget-container\">\n\t\t\t\t\t<h1 class=\"elementor-heading-title elementor-size-default\">Pol\u00edtica de Privacidad<\/h1>\t\t\t\t<\/div>\n\t\t\t\t<\/div>\n\t\t\t\t<div class=\"elementor-element elementor-element-1dc6942 elementor-widget elementor-widget-text-editor\" data-id=\"1dc6942\" data-element_type=\"widget\" data-e-type=\"widget\" data-widget_type=\"text-editor.default\">\n\t\t\t\t<div class=\"elementor-widget-container\">\n\t\t\t\t\t\t\t\t\t<p><strong>1. POL\u00cdTICA DE PRIVACIDAD<\/strong><br \/>CALL CENTER CONSULTING, S.L., est\u00e1 especialmente sensibilizada en la protecci\u00f3n de datos de car\u00e1cter personal de los Usuarios de los servicios del sitio Web. Mediante la presente Pol\u00edtica de Privacidad (o Pol\u00edtica de Protecci\u00f3n de Datos) CALL CENTER CONSULTING, S.L. informa a los USUARIOS de los sitios<br \/>web: https:\/\/www.consultingc3.com\/, de los usos a los que se someten los datos de car\u00e1cter personal que se recaban en sitio Web, con el fin de que decidan, libre y voluntariamente, si desean facilitar la informaci\u00f3n solicitada.<\/p><p>CALL CENTER CONSULTING, S.L., se reserva la facultad de modificar esta Pol\u00edtica con el objeto de adaptarla a novedades legislativas, criterios jurisprudenciales, pr\u00e1cticas del sector, o intereses de la entidad. Cualquier modificaci\u00f3n en la misma ser\u00e1 anunciada con la debida antelaci\u00f3n, a fin de que tengas perfecto conocimiento de su contenido.<\/p><p><strong>2. RESPONSABLE<\/strong><br \/>El Responsable del Tratamiento de los datos de car\u00e1cter personal es;<\/p><p>CALL CENTER CONSULTING, S.L.<br \/>Con domicilio social a estos efectos en calle Comte d\u2019Urgell 240-250, 2\u00ba A, 08036 \u2013 Barcelona &#8211; Espa\u00f1a.<\/p><p>Tel\u00e9fono: 900 533 846<br \/>Correo-e: marketing@consultingc3.com<br \/>Identificaci\u00f3n del DPO: CALL CENTER CONSULTING, S.L.<br \/>Email: dpd@consultingc3.com<\/p><p><strong>3. FINALIDAD DEL TRATAMIENTO<\/strong><br \/>La finalidad de la recogida y tratamiento de los datos personales, a trav\u00e9s de los distintos formularios propiedad de CALL CENTER CONSULTING, S.L., puestos a disposici\u00f3n de los Usuarios, responden, seg\u00fan el caso concreto, para gestionar y atender a solicitudes de informaci\u00f3n, dudas, quejas, felicitaciones o sugerencias a las publicaciones o a cualesquiera servicios o actividades, actos o eventos prestados, ofertados, patrocinados y\/o sponsorizados por CALL CENTER CONSULTING, S.L., as\u00ed como conocer la opini\u00f3n de los usuarios, y adem\u00e1s, gestionar las solicitudes de empleo, mediante la recogida de curr\u00edculums, con el fin de poder contactar con el interesado y llevar a cabo un proceso de selecci\u00f3n.<\/p><p><strong>4. PLAZO DE CONSERVACI\u00d3N<\/strong><br \/>Los datos personales proporcionados se conservar\u00e1n durante el plazo correspondiente para cumplir con las obligaciones legales, mientras no se oponga al tratamiento o revoque el consentimiento.<\/p><p><strong>5. LEGITIMACI\u00d3N<\/strong><br \/>CALL CENTER CONSULTING, S.L. est\u00e1 legitimado al tratamiento de datos personales, en base al consentimiento otorgado por el interesado mediante la firma o aceptaci\u00f3n de los pertinentes formularios, para uno o varios fines espec\u00edficos, tal y como recoge el art\u00edculo 6.1. a) del Reglamento General de Protecci\u00f3n de datos personales.<\/p><p><strong>6. EXACTITUD DE LOS DATOS<\/strong><br \/>Con el fin de que los datos obrantes en nuestros ficheros, inform\u00e1ticos y\/o en papel,<br \/>siempre correspondan a la realidad, se tratar\u00e1 de mantener actualizados. De manera que, a estos efectos, el Usuario deber\u00e1 realizar los cambios, directamente, cuando as\u00ed est\u00e9 habilitado o comunic\u00e1ndose, por medio fehaciente, al \u00e1rea o departamento correspondiente de CALL CENTER CONSULTING, S.L.<\/p><p><strong>7. DESTINATARIOS<\/strong><br \/>Los datos personales no ser\u00e1n cedidos o comunicados a terceros, salvo en los supuestos necesarios para el desarrollo, control y cumplimiento de las finalidad\/es expresada\/s, en los supuestos previstos seg\u00fan Ley.<\/p><p><strong>8. DERECHOS DE LOS USUARIOS<\/strong><br \/>No obstante, el interesado de los datos personales en todo caso podr\u00e1 ejercitar los derechos que le asisten, de acuerdo con el Reglamento General de Protecci\u00f3n de Datos, y que son:<\/p><ul><li>Derecho a solicitar el acceso a los datos personales relativos al interesado,<\/li><li>Derecho a solicitar su rectificaci\u00f3n o supresi\u00f3n,<\/li><li>Derecho a solicitar la limitaci\u00f3n de su tratamiento,<\/li><li>Derecho a oponerse al tratamiento,<\/li><li>Derecho a la portabilidad de los datos.<\/li><\/ul><p><br \/>El interesado podr\u00e1 ejercitar tales derechos mediante solicitud acompa\u00f1ada de una fotocopia de su D.N.I, y en la que especificar\u00e1 cu\u00e1l de \u00e9stos solicita sea satisfecho, remitida a la direcci\u00f3n: CALL CENTER CONSULTING, S.L., C\/ Comte d\u2019Urgell 240-250 2\u00ba A \u2013 08036 \u2013 Barcelona, o a la siguiente direcci\u00f3n de email dpd@consultingc3.com.<\/p><p>En caso de considerar vulnerado su derecho a la protecci\u00f3n de datos personales, podr\u00e1 interponer una reclamaci\u00f3n ante la Agencia Espa\u00f1ola de Protecci\u00f3n de Datos (<a href=\"https:\/\/www.aepd.es\/\" target=\"_blank\" rel=\"noopener\">www.agpd.es<\/a>).<\/p><p><strong>9. MEDIDAS DE SEGURIDAD<\/strong><br \/>Finalmente se informa que CALL CENTER CONSULTING, S.L., adoptar\u00e1 en su sistema de informaci\u00f3n las medidas t\u00e9cnicas y organizativas adecuadas, dando cumplimiento al principio de responsabilidad proactiva, a fin de garantizar la seguridad y confidencialidad de los datos almacenados, evitando as\u00ed, su alteraci\u00f3n, p\u00e9rdida, tratamiento o acceso no autorizado; teniendo en cuenta el estado de la t\u00e9cnica, los costes de aplicaci\u00f3n, y la naturaleza, el alcance, el contexto y los fines del tratamiento, as\u00ed como riesgos de probabilidad y gravedad variables asociadas a cada uno de los<br \/>tratamientos.<\/p><p>Si tiene alguna pregunta sobre esta Pol\u00edtica de Privacidad, rogamos que se ponga en contacto con nosotros enviando un email a dpd@consultingc3.com.<\/p>\t\t\t\t\t\t\t\t<\/div>\n\t\t\t\t<\/div>\n\t\t\t\t\t<\/div>\n\t\t<\/div>\n\t\t\t\t\t<\/div>\n\t\t<\/section>\n\t\t\t\t<section class=\"elementor-section elementor-top-section elementor-element elementor-element-62fd3aa elementor-section-boxed elementor-section-height-default elementor-section-height-default\" data-id=\"62fd3aa\" data-element_type=\"section\" data-e-type=\"section\" data-settings=\"{&quot;background_background&quot;:&quot;gradient&quot;}\">\n\t\t\t\t\t\t<div class=\"elementor-container elementor-column-gap-default\">\n\t\t\t\t\t<div class=\"elementor-column elementor-col-100 elementor-top-column elementor-element elementor-element-6ddc17e\" data-id=\"6ddc17e\" data-element_type=\"column\" data-e-type=\"column\">\n\t\t\t<div class=\"elementor-widget-wrap elementor-element-populated\">\n\t\t\t\t\t\t<div class=\"elementor-element elementor-element-6c1d373 elementor-widget elementor-widget-text-editor\" data-id=\"6c1d373\" data-element_type=\"widget\" data-e-type=\"widget\" data-widget_type=\"text-editor.default\">\n\t\t\t\t<div class=\"elementor-widget-container\">\n\t\t\t\t\t\t\t\t\t<p><strong>Consulting C3<\/strong> | Consultor\u00eda Estrat\u00e9gica de Negocio | Copyright \u00a9 2026 | Todos los derechos reservados.<\/p>\t\t\t\t\t\t\t\t<\/div>\n\t\t\t\t<\/div>\n\t\t\t\t\t<\/div>\n\t\t<\/div>\n\t\t\t\t\t<\/div>\n\t\t<\/section>\n\t\t\t\t<section class=\"elementor-section elementor-top-section elementor-element elementor-element-1fdfe70 elementor-section-boxed elementor-section-height-default elementor-section-height-default\" data-id=\"1fdfe70\" data-element_type=\"section\" data-e-type=\"section\" data-settings=\"{&quot;background_background&quot;:&quot;classic&quot;}\">\n\t\t\t\t\t\t<div class=\"elementor-container elementor-column-gap-default\">\n\t\t\t\t\t<div class=\"elementor-column elementor-col-100 elementor-top-column elementor-element elementor-element-b56be4e\" data-id=\"b56be4e\" data-element_type=\"column\" data-e-type=\"column\">\n\t\t\t<div class=\"elementor-widget-wrap elementor-element-populated\">\n\t\t\t\t\t\t<div class=\"elementor-element elementor-element-1ba4daf elementor-nav-menu__align-center elementor-nav-menu--dropdown-tablet elementor-nav-menu__text-align-aside elementor-nav-menu--toggle elementor-nav-menu--burger elementor-widget elementor-widget-nav-menu\" data-id=\"1ba4daf\" data-element_type=\"widget\" data-e-type=\"widget\" data-settings=\"{&quot;layout&quot;:&quot;horizontal&quot;,&quot;submenu_icon&quot;:{&quot;value&quot;:&quot;&lt;i class=\\&quot;fas fa-caret-down\\&quot; aria-hidden=\\&quot;true\\&quot;&gt;&lt;\\\/i&gt;&quot;,&quot;library&quot;:&quot;fa-solid&quot;},&quot;toggle&quot;:&quot;burger&quot;}\" data-widget_type=\"nav-menu.default\">\n\t\t\t\t<div class=\"elementor-widget-container\">\n\t\t\t\t\t\t\t\t<nav aria-label=\"Men\u00fa\" class=\"elementor-nav-menu--main elementor-nav-menu__container elementor-nav-menu--layout-horizontal e--pointer-none\">\n\t\t\t\t<ul id=\"menu-1-1ba4daf\" class=\"elementor-nav-menu\"><li class=\"menu-item menu-item-type-post_type menu-item-object-page menu-item-7681\"><a target=\"_blank\" href=\"https:\/\/www.consultingc3.com\/lp\/aviso-legal\/\" class=\"elementor-item\">Aviso Legal<\/a><\/li>\n<li class=\"menu-item menu-item-type-post_type menu-item-object-page menu-item-privacy-policy menu-item-7680\"><a target=\"_blank\" rel=\"privacy-policy\" href=\"https:\/\/www.consultingc3.com\/lp\/politica-privacidad\/\" class=\"elementor-item\">Pol\u00edtica Privacidad<\/a><\/li>\n<li class=\"menu-item menu-item-type-post_type menu-item-object-page menu-item-7679\"><a target=\"_blank\" href=\"https:\/\/www.consultingc3.com\/lp\/politica-cookies\/\" class=\"elementor-item\">Pol\u00edtica Cookies<\/a><\/li>\n<li class=\"menu-item menu-item-type-custom menu-item-object-custom menu-item-7682\"><a target=\"_blank\" href=\"https:\/\/www.consultingc3.com\/Documents\/C3_Certificado_sostenibilidad_ES.pdf\" class=\"elementor-item\">Certificado Sostenibilidad<\/a><\/li>\n<\/ul>\t\t\t<\/nav>\n\t\t\t\t\t<div class=\"elementor-menu-toggle\" role=\"button\" tabindex=\"0\" aria-label=\"Alternar men\u00fa\" aria-expanded=\"false\">\n\t\t\t<i aria-hidden=\"true\" role=\"presentation\" class=\"elementor-menu-toggle__icon--open eicon-menu-bar\"><\/i><i aria-hidden=\"true\" role=\"presentation\" class=\"elementor-menu-toggle__icon--close eicon-close\"><\/i>\t\t<\/div>\n\t\t\t\t\t<nav class=\"elementor-nav-menu--dropdown elementor-nav-menu__container\" aria-hidden=\"true\">\n\t\t\t\t<ul id=\"menu-2-1ba4daf\" class=\"elementor-nav-menu\"><li class=\"menu-item menu-item-type-post_type menu-item-object-page menu-item-7681\"><a target=\"_blank\" href=\"https:\/\/www.consultingc3.com\/lp\/aviso-legal\/\" class=\"elementor-item\" tabindex=\"-1\">Aviso Legal<\/a><\/li>\n<li class=\"menu-item menu-item-type-post_type menu-item-object-page menu-item-privacy-policy menu-item-7680\"><a target=\"_blank\" rel=\"privacy-policy\" href=\"https:\/\/www.consultingc3.com\/lp\/politica-privacidad\/\" class=\"elementor-item\" tabindex=\"-1\">Pol\u00edtica Privacidad<\/a><\/li>\n<li class=\"menu-item menu-item-type-post_type menu-item-object-page menu-item-7679\"><a target=\"_blank\" href=\"https:\/\/www.consultingc3.com\/lp\/politica-cookies\/\" class=\"elementor-item\" tabindex=\"-1\">Pol\u00edtica Cookies<\/a><\/li>\n<li class=\"menu-item menu-item-type-custom menu-item-object-custom menu-item-7682\"><a target=\"_blank\" href=\"https:\/\/www.consultingc3.com\/Documents\/C3_Certificado_sostenibilidad_ES.pdf\" class=\"elementor-item\" tabindex=\"-1\">Certificado Sostenibilidad<\/a><\/li>\n<\/ul>\t\t\t<\/nav>\n\t\t\t\t\t\t<\/div>\n\t\t\t\t<\/div>\n\t\t\t\t\t<\/div>\n\t\t<\/div>\n\t\t\t\t\t<\/div>\n\t\t<\/section>\n\t\t\t\t<\/div>\n\t\t","protected":false},"excerpt":{"rendered":"<p>Pol\u00edtica de Privacidad 1. POL\u00cdTICA DE PRIVACIDADCALL CENTER CONSULTING, S.L., est\u00e1 especialmente sensibilizada en la protecci\u00f3n de datos de car\u00e1cter personal de los Usuarios de los servicios del sitio Web. Mediante la presente Pol\u00edtica de Privacidad (o Pol\u00edtica de Protecci\u00f3n de Datos) CALL CENTER CONSULTING, S.L. informa a los USUARIOS de los sitiosweb: https:\/\/www.consultingc3.com\/, de [&hellip;]<\/p>\n","protected":false},"author":2,"featured_media":0,"parent":0,"menu_order":0,"comment_status":"closed","ping_status":"closed","template":"elementor_canvas","meta":{"footnotes":""},"class_list":["post-7656","page","type-page","status-publish","hentry"],"_links":{"self":[{"href":"https:\/\/www.consultingc3.com\/lp\/wp-json\/wp\/v2\/pages\/7656","targetHints":{"allow":["GET"]}}],"collection":[{"href":"https:\/\/www.consultingc3.com\/lp\/wp-json\/wp\/v2\/pages"}],"about":[{"href":"https:\/\/www.consultingc3.com\/lp\/wp-json\/wp\/v2\/types\/page"}],"author":[{"embeddable":true,"href":"https:\/\/www.consultingc3.com\/lp\/wp-json\/wp\/v2\/users\/2"}],"replies":[{"embeddable":true,"href":"https:\/\/www.consultingc3.com\/lp\/wp-json\/wp\/v2\/comments?post=7656"}],"version-history":[{"count":7,"href":"https:\/\/www.consultingc3.com\/lp\/wp-json\/wp\/v2\/pages\/7656\/revisions"}],"predecessor-version":[{"id":7694,"href":"https:\/\/www.consultingc3.com\/lp\/wp-json\/wp\/v2\/pages\/7656\/revisions\/7694"}],"wp:attachment":[{"href":"https:\/\/www.consultingc3.com\/lp\/wp-json\/wp\/v2\/media?parent=7656"}],"curies":[{"name":"wp","href":"https:\/\/api.w.org\/{rel}","templated":true}]}}