{"id":7665,"date":"2026-04-16T11:14:10","date_gmt":"2026-04-16T09:14:10","guid":{"rendered":"https:\/\/www.consultingc3.com\/lp\/?page_id=7665"},"modified":"2026-04-16T11:42:11","modified_gmt":"2026-04-16T09:42:11","slug":"politica-cookies","status":"publish","type":"page","link":"https:\/\/www.consultingc3.com\/lp\/politica-cookies\/","title":{"rendered":"Pol\u00edtica Cookies"},"content":{"rendered":"\t\t<div data-elementor-type=\"wp-page\" data-elementor-id=\"7665\" class=\"elementor elementor-7665\" data-elementor-post-type=\"page\">\n\t\t\t\t\t\t<section class=\"elementor-section elementor-top-section elementor-element elementor-element-b06b998 elementor-section-boxed elementor-section-height-default elementor-section-height-default\" data-id=\"b06b998\" data-element_type=\"section\" data-e-type=\"section\">\n\t\t\t\t\t\t<div class=\"elementor-container elementor-column-gap-default\">\n\t\t\t\t\t<div class=\"elementor-column elementor-col-100 elementor-top-column elementor-element elementor-element-154ecce\" data-id=\"154ecce\" data-element_type=\"column\" data-e-type=\"column\">\n\t\t\t<div class=\"elementor-widget-wrap elementor-element-populated\">\n\t\t\t\t\t\t<div class=\"elementor-element elementor-element-303c239 elementor-widget elementor-widget-theme-site-logo elementor-widget-image\" data-id=\"303c239\" data-element_type=\"widget\" data-e-type=\"widget\" data-widget_type=\"theme-site-logo.default\">\n\t\t\t\t<div class=\"elementor-widget-container\">\n\t\t\t\t\t\t\t\t\t\t\t<img decoding=\"async\" width=\"294\" height=\"80\" src=\"https:\/\/www.consultingc3.com\/lp\/wp-content\/uploads\/cropped-consulting-c3-logo-landing.png\" class=\"attachment-full size-full wp-image-1580\" alt=\"Logo Consulting C3\" \/>\t\t\t\t\t\t\t\t\t\t\t\t<\/div>\n\t\t\t\t<\/div>\n\t\t\t\t<div class=\"elementor-element elementor-element-e67cc36 elementor-widget-divider--view-line elementor-widget elementor-widget-divider\" data-id=\"e67cc36\" data-element_type=\"widget\" data-e-type=\"widget\" data-widget_type=\"divider.default\">\n\t\t\t\t<div class=\"elementor-widget-container\">\n\t\t\t\t\t\t\t<div class=\"elementor-divider\">\n\t\t\t<span class=\"elementor-divider-separator\">\n\t\t\t\t\t\t<\/span>\n\t\t<\/div>\n\t\t\t\t\t\t<\/div>\n\t\t\t\t<\/div>\n\t\t\t\t<div class=\"elementor-element elementor-element-acf98e1 elementor-widget elementor-widget-heading\" data-id=\"acf98e1\" data-element_type=\"widget\" data-e-type=\"widget\" data-widget_type=\"heading.default\">\n\t\t\t\t<div class=\"elementor-widget-container\">\n\t\t\t\t\t<h1 class=\"elementor-heading-title elementor-size-default\">Pol\u00edtica de Cookies<\/h1>\t\t\t\t<\/div>\n\t\t\t\t<\/div>\n\t\t\t\t<div class=\"elementor-element elementor-element-73d8c83 elementor-widget elementor-widget-text-editor\" data-id=\"73d8c83\" data-element_type=\"widget\" data-e-type=\"widget\" data-widget_type=\"text-editor.default\">\n\t\t\t\t<div class=\"elementor-widget-container\">\n\t\t\t\t\t\t\t\t\t<p>Este sitio web usa cookies propias y de terceros para facilitar la navegaci\u00f3n, obtener informaci\u00f3n estad\u00edsticas de uso de nuestros visitantes, y ofrecer contenido multimedia integrado.<\/p>\t\t\t\t\t\t\t\t<\/div>\n\t\t\t\t<\/div>\n\t\t\t\t<div class=\"elementor-element elementor-element-c7bd817 elementor-widget elementor-widget-text-editor\" data-id=\"c7bd817\" data-element_type=\"widget\" data-e-type=\"widget\" data-widget_type=\"text-editor.default\">\n\t\t\t\t<div class=\"elementor-widget-container\">\n\t\t\t\t\t\t\t\t\t<p>Este sitio web, al igual que la mayor\u00eda de los sitios en Internet, usa Cookies para mejorar y optimizar la experiencia del usuario.<\/p><p>A continuaci\u00f3n encontrar\u00e1 la informaci\u00f3n detallada sobre qu\u00e9 son las cookies, qu\u00e9 tipo de cookies utiliza este sitio web, c\u00f3mo puede desactivarlas en su navegador y c\u00f3mo bloquear espec\u00edficamente las cookies de terceros.<\/p><p><strong>1. \u00bfQu\u00e9 son las Cookies?<\/strong><br \/>Las cookies son archivos que los sitios web o las aplicaciones instalan en el navegador o en el dispositivo (smartphone, tablet o televisi\u00f3n conectada) del usuario durante su recorrido por las p\u00e1ginas del sitio o por la aplicaci\u00f3n, y sirven para almacenar informaci\u00f3n sobre su visita.<\/p><p>Como la mayor\u00eda de los sitios en internet, este sitio web utiliza cookies para:<\/p><ul><li>Asegurar que las p\u00e1ginas web pueden funcionar correctamente.<\/li><li>Almacenar las preferencias, como el idioma que ha seleccionado o el tama\u00f1o de letra.<\/li><li>Conocer la experiencia de navegaci\u00f3n del usuario.<\/li><li>Recopilar informaci\u00f3n estad\u00edstica an\u00f3nima, como qu\u00e9 p\u00e1ginas ha visitado el usuario o cu\u00e1nto tiempo ha permanecido en el sitio web.<\/li><\/ul><p><br \/>El uso de cookies permite optimizar la navegaci\u00f3n, adaptando la informaci\u00f3n y los servicios ofrecidos a los intereses del usuario, para proporcionarle una mejor experiencia siempre que visita el sitio web.<\/p><p>Este sitio web utiliza Cookies para funcionar, adaptar y facilitar al m\u00e1ximo la navegaci\u00f3n del usuario.<\/p><p><strong>2. Cookies utilizadas en este sitio Web<\/strong><br \/>CALL CENTER CONSULTING, S.L. le informa que nuestra p\u00e1gina web utiliza cookies propias y de terceros para medir y analizar la navegaci\u00f3n de nuestros usuarios.<\/p><p>CALL CENTER CONSULTING, S.L. utiliza en nuestra p\u00e1gina dos tipos de cookies:<\/p><ul><li>Cookies t\u00e9cnicas: Son aquellas imprescindibles para el correcto funcionamiento de la p\u00e1gina. Normalmente se generan cuando el usuario accede al sitio web o inicia sesi\u00f3n en el mismo y se utilizan para identificarle en el sitio web.<\/li><li>Cookies de an\u00e1lisis: Son aquellas que bien tratadas por nosotros o por terceros que nos permiten cuantificar el acceso de usuarios y as\u00ed realizar an\u00e1lisis estad\u00edsticos de la utilizaci\u00f3n de la web. Para conseguirlo se analiza su navegaci\u00f3n en la web de CALL CENTER CONSULTING, S.L. con el fin de mejorar nuestras funcionalidades. La aplicaci\u00f3n de terceros usadas por CALL CENTER CONSULTING, S.L. es Google Analytics.<\/li><\/ul><p><br \/>Las aplicaciones de terceros nos prestan el servicio de medici\u00f3n y an\u00e1lisis de la audiencia de las p\u00e1ginas de nuestra web, descarga de videos y documentos, facilitar y monitorizar la conexi\u00f3n y la publicaci\u00f3n de contenidos entre la web de CALL CENTER CONSULTING, S.L. y redes sociales como Twiter, Linkedin\u2026<\/p><p>La informaci\u00f3n que obtiene est\u00e1 relacionada con en el n\u00famero de p\u00e1ginas visitadas, idioma, red social en la que se publican nuestras noticias, ciudad o regi\u00f3n a la que est\u00e1 asignada la direcci\u00f3n IP desde la que se accede, el n\u00famero de nuevos usuarios, frecuencia, tiempo y reincidencia de las visitas, navegador y operador o tipo de terminal desde el que se realiza la visita.<\/p><p>Asimismo ellas mismas pueden utilizar estos datos para mejorar sus propios servicios y para ofrecer servicios a otras empresas. Puede conocer esos otros usos desde el enlace indicado.<\/p><p><strong>3. Deshabilitar el uso de Cookies<\/strong><br \/>Si el usuario as\u00ed lo desea, es posible dejar de aceptar las Cookies del navegador, o dejar de aceptar las Cookies de un servicio en particular.<\/p><p>Todos los navegadores modernos permiten cambiar la configuraci\u00f3n de Cookies. Estos ajustes normalmente se encuentran en las \u201cOpciones\u201d o \u201cPreferencias\u201d del men\u00fa del navegador.<\/p><p>El usuario podr\u00e1, en cualquier momento, deshabilitar el uso de Cookies en este sitio web mediante (dependiendo el navegador que utilice):<\/p><ul><li>Google Chrome: <a href=\"http:\/\/support.google.com\/chrome\/bin\/answer.py?hl=es&amp;answer=95647\" target=\"_blank\" rel=\"noopener\">http:\/\/support.google.com\/chrome\/bin\/answer.py?hl=es&amp;answer=95647<\/a><\/li><li>Internet Explorer: <a href=\"http:\/\/windows.microsoft.com\/es-es\/windows7\/how-to-manage-cookies-in-internet-explorer9\" target=\"_blank\" rel=\"noopener\">http:\/\/windows.microsoft.com\/es-es\/windows7\/how-to-manage-cookies-in-internet-explorer9<\/a><\/li><li>Mozilla Firefox: <a href=\"http:\/\/support.mozilla.org\/es\/kb\/habilitar-y-deshabilitar-cookies-que-los-sitios-we\" target=\"_blank\" rel=\"noopener\">http:\/\/support.mozilla.org\/es\/kb\/habilitar-y-deshabilitar-cookies-que-los-sitios-we<\/a><\/li><li>Apple Safari: <a href=\"http:\/\/support.apple.com\/kb\/ph5042\" target=\"_blank\" rel=\"noopener\">http:\/\/support.apple.com\/kb\/ph5042<\/a><\/li><\/ul><p><br \/>Otras herramientas de terceros, disponibles on-line, que permiten a los usuarios detectar las Cookies en cada sitio web que visita y gestionar su desactivaci\u00f3n (por ejemplo, Ghostery: <a href=\"http:\/\/www.ghostery.com\/privacy-statement\" target=\"_blank\" rel=\"noopener\">http:\/\/www.ghostery.com\/privacy-statement<\/a>).<\/p><p><strong>4. \u00bfQu\u00e9 ocurre al deshabilitar las Cookies?<\/strong><br \/>Algunas funcionalidades y servicios pueden quedar deshabilitados o tener un comportamiento diferente al esperado como, por ejemplo, permanecer identificado, mantener abierta la sesi\u00f3n si se ha identificado, o recibir informaci\u00f3n dirigida a su localizaci\u00f3n, entre otros.<\/p><p>Si deshabilita el uso de cookies en este sitio web es probable que deje de poder acceder a ciertas zonas del mismo o que se degrade notablemente la experiencia de navegaci\u00f3n en el mismo.<\/p><p><strong>5. Actualizaci\u00f3n de la Pol\u00edtica de cookies<\/strong><br \/>MST puede modificar esta Pol\u00edtica de cookies en funci\u00f3n de exigencias legislativas, reglamentarias, o con la finalidad de adaptar dicha pol\u00edtica a las instrucciones dictadas por la Agencia Espa\u00f1ola de Protecci\u00f3n de Datos.<\/p><p>Cuando se produzcan cambios significativos en esta Pol\u00edtica de cookies, se comunicar\u00e1 a los usuarios bien mediante la web o a trav\u00e9s de correo electr\u00f3nico a los usuarios registrados.<\/p>\t\t\t\t\t\t\t\t<\/div>\n\t\t\t\t<\/div>\n\t\t\t\t\t<\/div>\n\t\t<\/div>\n\t\t\t\t\t<\/div>\n\t\t<\/section>\n\t\t\t\t<section class=\"elementor-section elementor-top-section elementor-element elementor-element-7facae2 elementor-section-boxed elementor-section-height-default elementor-section-height-default\" data-id=\"7facae2\" data-element_type=\"section\" data-e-type=\"section\" data-settings=\"{&quot;background_background&quot;:&quot;gradient&quot;}\">\n\t\t\t\t\t\t<div class=\"elementor-container elementor-column-gap-default\">\n\t\t\t\t\t<div class=\"elementor-column elementor-col-100 elementor-top-column elementor-element elementor-element-34ec25d\" data-id=\"34ec25d\" data-element_type=\"column\" data-e-type=\"column\">\n\t\t\t<div class=\"elementor-widget-wrap elementor-element-populated\">\n\t\t\t\t\t\t<div class=\"elementor-element elementor-element-ea9acdc elementor-widget elementor-widget-text-editor\" data-id=\"ea9acdc\" data-element_type=\"widget\" data-e-type=\"widget\" data-widget_type=\"text-editor.default\">\n\t\t\t\t<div class=\"elementor-widget-container\">\n\t\t\t\t\t\t\t\t\t<p><strong>Consulting C3<\/strong> | Consultor\u00eda Estrat\u00e9gica de Negocio | Copyright \u00a9 2026 | Todos los derechos reservados.<\/p>\t\t\t\t\t\t\t\t<\/div>\n\t\t\t\t<\/div>\n\t\t\t\t\t<\/div>\n\t\t<\/div>\n\t\t\t\t\t<\/div>\n\t\t<\/section>\n\t\t\t\t<section class=\"elementor-section elementor-top-section elementor-element elementor-element-b81ad17 elementor-section-boxed elementor-section-height-default elementor-section-height-default\" data-id=\"b81ad17\" data-element_type=\"section\" data-e-type=\"section\" data-settings=\"{&quot;background_background&quot;:&quot;classic&quot;}\">\n\t\t\t\t\t\t<div class=\"elementor-container elementor-column-gap-default\">\n\t\t\t\t\t<div class=\"elementor-column elementor-col-100 elementor-top-column elementor-element elementor-element-4becc6b\" data-id=\"4becc6b\" data-element_type=\"column\" data-e-type=\"column\">\n\t\t\t<div class=\"elementor-widget-wrap elementor-element-populated\">\n\t\t\t\t\t\t<div class=\"elementor-element elementor-element-483cdba elementor-nav-menu__align-center elementor-nav-menu--dropdown-tablet elementor-nav-menu__text-align-aside elementor-nav-menu--toggle elementor-nav-menu--burger elementor-widget elementor-widget-nav-menu\" data-id=\"483cdba\" data-element_type=\"widget\" data-e-type=\"widget\" data-settings=\"{&quot;layout&quot;:&quot;horizontal&quot;,&quot;submenu_icon&quot;:{&quot;value&quot;:&quot;&lt;i class=\\&quot;fas fa-caret-down\\&quot; aria-hidden=\\&quot;true\\&quot;&gt;&lt;\\\/i&gt;&quot;,&quot;library&quot;:&quot;fa-solid&quot;},&quot;toggle&quot;:&quot;burger&quot;}\" data-widget_type=\"nav-menu.default\">\n\t\t\t\t<div class=\"elementor-widget-container\">\n\t\t\t\t\t\t\t\t<nav aria-label=\"Men\u00fa\" class=\"elementor-nav-menu--main elementor-nav-menu__container elementor-nav-menu--layout-horizontal e--pointer-none\">\n\t\t\t\t<ul id=\"menu-1-483cdba\" class=\"elementor-nav-menu\"><li class=\"menu-item menu-item-type-post_type menu-item-object-page menu-item-7681\"><a target=\"_blank\" href=\"https:\/\/www.consultingc3.com\/lp\/aviso-legal\/\" class=\"elementor-item\">Aviso Legal<\/a><\/li>\n<li class=\"menu-item menu-item-type-post_type menu-item-object-page menu-item-privacy-policy menu-item-7680\"><a target=\"_blank\" rel=\"privacy-policy\" href=\"https:\/\/www.consultingc3.com\/lp\/politica-privacidad\/\" class=\"elementor-item\">Pol\u00edtica Privacidad<\/a><\/li>\n<li class=\"menu-item menu-item-type-post_type menu-item-object-page menu-item-7679\"><a target=\"_blank\" href=\"https:\/\/www.consultingc3.com\/lp\/politica-cookies\/\" class=\"elementor-item\">Pol\u00edtica Cookies<\/a><\/li>\n<li class=\"menu-item menu-item-type-custom menu-item-object-custom menu-item-7682\"><a target=\"_blank\" href=\"https:\/\/www.consultingc3.com\/Documents\/C3_Certificado_sostenibilidad_ES.pdf\" class=\"elementor-item\">Certificado Sostenibilidad<\/a><\/li>\n<\/ul>\t\t\t<\/nav>\n\t\t\t\t\t<div class=\"elementor-menu-toggle\" role=\"button\" tabindex=\"0\" aria-label=\"Alternar men\u00fa\" aria-expanded=\"false\">\n\t\t\t<i aria-hidden=\"true\" role=\"presentation\" class=\"elementor-menu-toggle__icon--open eicon-menu-bar\"><\/i><i aria-hidden=\"true\" role=\"presentation\" class=\"elementor-menu-toggle__icon--close eicon-close\"><\/i>\t\t<\/div>\n\t\t\t\t\t<nav class=\"elementor-nav-menu--dropdown elementor-nav-menu__container\" aria-hidden=\"true\">\n\t\t\t\t<ul id=\"menu-2-483cdba\" class=\"elementor-nav-menu\"><li class=\"menu-item menu-item-type-post_type menu-item-object-page menu-item-7681\"><a target=\"_blank\" href=\"https:\/\/www.consultingc3.com\/lp\/aviso-legal\/\" class=\"elementor-item\" tabindex=\"-1\">Aviso Legal<\/a><\/li>\n<li class=\"menu-item menu-item-type-post_type menu-item-object-page menu-item-privacy-policy menu-item-7680\"><a target=\"_blank\" rel=\"privacy-policy\" href=\"https:\/\/www.consultingc3.com\/lp\/politica-privacidad\/\" class=\"elementor-item\" tabindex=\"-1\">Pol\u00edtica Privacidad<\/a><\/li>\n<li class=\"menu-item menu-item-type-post_type menu-item-object-page menu-item-7679\"><a target=\"_blank\" href=\"https:\/\/www.consultingc3.com\/lp\/politica-cookies\/\" class=\"elementor-item\" tabindex=\"-1\">Pol\u00edtica Cookies<\/a><\/li>\n<li class=\"menu-item menu-item-type-custom menu-item-object-custom menu-item-7682\"><a target=\"_blank\" href=\"https:\/\/www.consultingc3.com\/Documents\/C3_Certificado_sostenibilidad_ES.pdf\" class=\"elementor-item\" tabindex=\"-1\">Certificado Sostenibilidad<\/a><\/li>\n<\/ul>\t\t\t<\/nav>\n\t\t\t\t\t\t<\/div>\n\t\t\t\t<\/div>\n\t\t\t\t\t<\/div>\n\t\t<\/div>\n\t\t\t\t\t<\/div>\n\t\t<\/section>\n\t\t\t\t<\/div>\n\t\t","protected":false},"excerpt":{"rendered":"<p>Pol\u00edtica de Cookies Este sitio web usa cookies propias y de terceros para facilitar la navegaci\u00f3n, obtener informaci\u00f3n estad\u00edsticas de uso de nuestros visitantes, y ofrecer contenido multimedia integrado. Este sitio web, al igual que la mayor\u00eda de los sitios en Internet, usa Cookies para mejorar y optimizar la experiencia del usuario. A continuaci\u00f3n encontrar\u00e1 [&hellip;]<\/p>\n","protected":false},"author":2,"featured_media":0,"parent":0,"menu_order":0,"comment_status":"closed","ping_status":"closed","template":"elementor_canvas","meta":{"footnotes":""},"class_list":["post-7665","page","type-page","status-publish","hentry"],"_links":{"self":[{"href":"https:\/\/www.consultingc3.com\/lp\/wp-json\/wp\/v2\/pages\/7665","targetHints":{"allow":["GET"]}}],"collection":[{"href":"https:\/\/www.consultingc3.com\/lp\/wp-json\/wp\/v2\/pages"}],"about":[{"href":"https:\/\/www.consultingc3.com\/lp\/wp-json\/wp\/v2\/types\/page"}],"author":[{"embeddable":true,"href":"https:\/\/www.consultingc3.com\/lp\/wp-json\/wp\/v2\/users\/2"}],"replies":[{"embeddable":true,"href":"https:\/\/www.consultingc3.com\/lp\/wp-json\/wp\/v2\/comments?post=7665"}],"version-history":[{"count":10,"href":"https:\/\/www.consultingc3.com\/lp\/wp-json\/wp\/v2\/pages\/7665\/revisions"}],"predecessor-version":[{"id":7691,"href":"https:\/\/www.consultingc3.com\/lp\/wp-json\/wp\/v2\/pages\/7665\/revisions\/7691"}],"wp:attachment":[{"href":"https:\/\/www.consultingc3.com\/lp\/wp-json\/wp\/v2\/media?parent=7665"}],"curies":[{"name":"wp","href":"https:\/\/api.w.org\/{rel}","templated":true}]}}